{"id":30,"date":"2022-04-10T21:59:55","date_gmt":"2022-04-10T19:59:55","guid":{"rendered":"https:\/\/www.jjteam.sk\/?page_id=30"},"modified":"2025-07-09T02:07:25","modified_gmt":"2025-07-09T00:07:25","slug":"letne-lezecke-sustredenie-franken-jura-2022-12-21-8-2022","status":"publish","type":"page","link":"https:\/\/www.jjteam.sk\/?page_id=30","title":{"rendered":"Letn\u00e9 lezeck\u00e9 s\u00fastredenie          Imst  2025,  8 -17.8.2025"},"content":{"rendered":"\n<p><\/p>\n\n\n\n<div class=\"wp-block-columns\">\n<div class=\"wp-block-column\"><\/div>\n\n\n\n<div class=\"wp-block-column\">\n<p class=\"has-text-align-center has-large-font-size\">Po\u010det \u00fa\u010dastn\u00edkov: 8\/22<\/p>\n<\/div>\n\n\n\n<div class=\"wp-block-column\"><\/div>\n<\/div>\n\n\n\n<p class=\"has-text-align-center has-x-large-font-size\"><strong><a href=\"https:\/\/www.jjteam.sk\/?page_id=189\"><mark style=\"background-color:rgba(0, 0, 0, 0);color:#ff0000\" class=\"has-inline-color\">Tohtoro\u010dn\u00e9 rozdelenie t\u00e9m<\/mark><\/a><\/strong> <\/p>\n\n\n\n<p class=\"has-text-align-center has-large-font-size\"><\/p>\n\n\n\n<figure class=\"wp-block-image alignwide size-large\"><img loading=\"lazy\" width=\"791\" height=\"1024\" src=\"https:\/\/www.jjteam.sk\/wp-content\/uploads\/2025\/05\/letne-lezecke-sustredenie-Imst-2025-1-791x1024.jpg\" alt=\"\" class=\"wp-image-321\" srcset=\"https:\/\/www.jjteam.sk\/wp-content\/uploads\/2025\/05\/letne-lezecke-sustredenie-Imst-2025-1-791x1024.jpg 791w, https:\/\/www.jjteam.sk\/wp-content\/uploads\/2025\/05\/letne-lezecke-sustredenie-Imst-2025-1-232x300.jpg 232w, https:\/\/www.jjteam.sk\/wp-content\/uploads\/2025\/05\/letne-lezecke-sustredenie-Imst-2025-1-768x994.jpg 768w, https:\/\/www.jjteam.sk\/wp-content\/uploads\/2025\/05\/letne-lezecke-sustredenie-Imst-2025-1-1187x1536.jpg 1187w, https:\/\/www.jjteam.sk\/wp-content\/uploads\/2025\/05\/letne-lezecke-sustredenie-Imst-2025-1-1583x2048.jpg 1583w, https:\/\/www.jjteam.sk\/wp-content\/uploads\/2025\/05\/letne-lezecke-sustredenie-Imst-2025-1-scaled.jpg 1978w\" sizes=\"(max-width: 791px) 100vw, 791px\" \/><\/figure>\n\n\n\n<p><\/p>\n\n\n\n<p><\/p>\n\n\n\n<p class=\"has-text-align-center has-x-large-font-size\"><strong><a href=\"https:\/\/www.jjteam.sk\/?page_id=189\"><mark style=\"background-color:rgba(0, 0, 0, 0);color:#ff0000\" class=\"has-inline-color\">Minuloro\u010dn\u00e9 rozdelenie t\u00e9m<\/mark><\/a><\/strong><\/p>\n\n\n\n<p><\/p>\n\n\n\n<div style=\"height:100px\" aria-hidden=\"true\" class=\"wp-block-spacer\"><\/div>\n\n\n\n<div class=\"forminator-guttenberg\"><form id=\"forminator-module-29\" class=\"forminator-custom-form forminator-custom-form-29\" action=\"\" method=\"post\" data-forminator-render=\"0\"><div class=\"forminator-response-message forminator-error\" aria-hidden=\"true\"><\/div><\/form><\/div>\n","protected":false},"excerpt":{"rendered":"<p>Po\u010det \u00fa\u010dastn\u00edkov: 8\/22 Tohtoro\u010dn\u00e9 rozdelenie t\u00e9m Minuloro\u010dn\u00e9 rozdelenie t\u00e9m<\/p>\n","protected":false},"author":1,"featured_media":0,"parent":0,"menu_order":0,"comment_status":"closed","ping_status":"closed","template":"wp-custom-template-formulare","meta":{"_monsterinsights_skip_tracking":false,"_monsterinsights_sitenote_active":false,"_monsterinsights_sitenote_note":"","_monsterinsights_sitenote_category":0},"yoast_head":"<!-- This site is optimized with the Yoast SEO plugin v18.5.1 - https:\/\/yoast.com\/wordpress\/plugins\/seo\/ -->\n<title>Letn\u00e9 lezeck\u00e9 s\u00fastredenie     Imst 2025, 8 -17.8.2025 - James Junior Team<\/title>\n<meta name=\"robots\" content=\"index, follow, max-snippet:-1, max-image-preview:large, max-video-preview:-1\" \/>\n<link rel=\"canonical\" href=\"https:\/\/www.jjteam.sk\/?page_id=30\" \/>\n<meta property=\"og:locale\" content=\"sk_SK\" \/>\n<meta property=\"og:type\" content=\"article\" \/>\n<meta property=\"og:title\" content=\"Letn\u00e9 lezeck\u00e9 s\u00fastredenie     Imst 2025, 8 -17.8.2025 - James Junior Team\" \/>\n<meta property=\"og:description\" content=\"Po\u010det \u00fa\u010dastn\u00edkov: 8\/22 Tohtoro\u010dn\u00e9 rozdelenie t\u00e9m Minuloro\u010dn\u00e9 rozdelenie t\u00e9m\" \/>\n<meta property=\"og:url\" content=\"https:\/\/www.jjteam.sk\/?page_id=30\" \/>\n<meta property=\"og:site_name\" content=\"James Junior Team\" \/>\n<meta property=\"article:modified_time\" content=\"2025-07-09T00:07:25+00:00\" \/>\n<meta property=\"og:image\" content=\"https:\/\/www.jjteam.sk\/wp-content\/uploads\/2025\/05\/letne-lezecke-sustredenie-Imst-2025-1-791x1024.jpg\" \/>\n<meta name=\"twitter:card\" content=\"summary_large_image\" \/>\n<meta name=\"twitter:label1\" content=\"Predpokladan\u00fd \u010das \u010d\u00edtania\" \/>\n\t<meta name=\"twitter:data1\" content=\"1 min\u00fata\" \/>\n<script type=\"application\/ld+json\" class=\"yoast-schema-graph\">{\"@context\":\"https:\/\/schema.org\",\"@graph\":[{\"@type\":\"WebSite\",\"@id\":\"https:\/\/www.jjteam.sk\/#website\",\"url\":\"https:\/\/www.jjteam.sk\/\",\"name\":\"James Junior Team\",\"description\":\"\",\"potentialAction\":[{\"@type\":\"SearchAction\",\"target\":{\"@type\":\"EntryPoint\",\"urlTemplate\":\"https:\/\/www.jjteam.sk\/?s={search_term_string}\"},\"query-input\":\"required name=search_term_string\"}],\"inLanguage\":\"sk-SK\"},{\"@type\":\"ImageObject\",\"@id\":\"https:\/\/www.jjteam.sk\/?page_id=30#primaryimage\",\"inLanguage\":\"sk-SK\",\"url\":\"https:\/\/www.jjteam.sk\/wp-content\/uploads\/2025\/05\/letne-lezecke-sustredenie-Imst-2025-1-scaled.jpg\",\"contentUrl\":\"https:\/\/www.jjteam.sk\/wp-content\/uploads\/2025\/05\/letne-lezecke-sustredenie-Imst-2025-1-scaled.jpg\",\"width\":1978,\"height\":2560},{\"@type\":\"WebPage\",\"@id\":\"https:\/\/www.jjteam.sk\/?page_id=30#webpage\",\"url\":\"https:\/\/www.jjteam.sk\/?page_id=30\",\"name\":\"Letn\u00e9 lezeck\u00e9 s\u00fastredenie Imst 2025, 8 -17.8.2025 - James Junior Team\",\"isPartOf\":{\"@id\":\"https:\/\/www.jjteam.sk\/#website\"},\"primaryImageOfPage\":{\"@id\":\"https:\/\/www.jjteam.sk\/?page_id=30#primaryimage\"},\"datePublished\":\"2022-04-10T19:59:55+00:00\",\"dateModified\":\"2025-07-09T00:07:25+00:00\",\"breadcrumb\":{\"@id\":\"https:\/\/www.jjteam.sk\/?page_id=30#breadcrumb\"},\"inLanguage\":\"sk-SK\",\"potentialAction\":[{\"@type\":\"ReadAction\",\"target\":[\"https:\/\/www.jjteam.sk\/?page_id=30\"]}]},{\"@type\":\"BreadcrumbList\",\"@id\":\"https:\/\/www.jjteam.sk\/?page_id=30#breadcrumb\",\"itemListElement\":[{\"@type\":\"ListItem\",\"position\":1,\"name\":\"Home\",\"item\":\"https:\/\/www.jjteam.sk\/\"},{\"@type\":\"ListItem\",\"position\":2,\"name\":\"Letn\u00e9 lezeck\u00e9 s\u00fastredenie Imst 2025, 8 -17.8.2025\"}]}]}<\/script>\n<!-- \/ Yoast SEO plugin. -->","yoast_head_json":{"title":"Letn\u00e9 lezeck\u00e9 s\u00fastredenie     Imst 2025, 8 -17.8.2025 - James Junior Team","robots":{"index":"index","follow":"follow","max-snippet":"max-snippet:-1","max-image-preview":"max-image-preview:large","max-video-preview":"max-video-preview:-1"},"canonical":"https:\/\/www.jjteam.sk\/?page_id=30","og_locale":"sk_SK","og_type":"article","og_title":"Letn\u00e9 lezeck\u00e9 s\u00fastredenie     Imst 2025, 8 -17.8.2025 - James Junior Team","og_description":"Po\u010det \u00fa\u010dastn\u00edkov: 8\/22 Tohtoro\u010dn\u00e9 rozdelenie t\u00e9m Minuloro\u010dn\u00e9 rozdelenie t\u00e9m","og_url":"https:\/\/www.jjteam.sk\/?page_id=30","og_site_name":"James Junior Team","article_modified_time":"2025-07-09T00:07:25+00:00","og_image":[{"url":"https:\/\/www.jjteam.sk\/wp-content\/uploads\/2025\/05\/letne-lezecke-sustredenie-Imst-2025-1-791x1024.jpg"}],"twitter_card":"summary_large_image","twitter_misc":{"Predpokladan\u00fd \u010das \u010d\u00edtania":"1 min\u00fata"},"schema":{"@context":"https:\/\/schema.org","@graph":[{"@type":"WebSite","@id":"https:\/\/www.jjteam.sk\/#website","url":"https:\/\/www.jjteam.sk\/","name":"James Junior Team","description":"","potentialAction":[{"@type":"SearchAction","target":{"@type":"EntryPoint","urlTemplate":"https:\/\/www.jjteam.sk\/?s={search_term_string}"},"query-input":"required name=search_term_string"}],"inLanguage":"sk-SK"},{"@type":"ImageObject","@id":"https:\/\/www.jjteam.sk\/?page_id=30#primaryimage","inLanguage":"sk-SK","url":"https:\/\/www.jjteam.sk\/wp-content\/uploads\/2025\/05\/letne-lezecke-sustredenie-Imst-2025-1-scaled.jpg","contentUrl":"https:\/\/www.jjteam.sk\/wp-content\/uploads\/2025\/05\/letne-lezecke-sustredenie-Imst-2025-1-scaled.jpg","width":1978,"height":2560},{"@type":"WebPage","@id":"https:\/\/www.jjteam.sk\/?page_id=30#webpage","url":"https:\/\/www.jjteam.sk\/?page_id=30","name":"Letn\u00e9 lezeck\u00e9 s\u00fastredenie Imst 2025, 8 -17.8.2025 - James Junior Team","isPartOf":{"@id":"https:\/\/www.jjteam.sk\/#website"},"primaryImageOfPage":{"@id":"https:\/\/www.jjteam.sk\/?page_id=30#primaryimage"},"datePublished":"2022-04-10T19:59:55+00:00","dateModified":"2025-07-09T00:07:25+00:00","breadcrumb":{"@id":"https:\/\/www.jjteam.sk\/?page_id=30#breadcrumb"},"inLanguage":"sk-SK","potentialAction":[{"@type":"ReadAction","target":["https:\/\/www.jjteam.sk\/?page_id=30"]}]},{"@type":"BreadcrumbList","@id":"https:\/\/www.jjteam.sk\/?page_id=30#breadcrumb","itemListElement":[{"@type":"ListItem","position":1,"name":"Home","item":"https:\/\/www.jjteam.sk\/"},{"@type":"ListItem","position":2,"name":"Letn\u00e9 lezeck\u00e9 s\u00fastredenie Imst 2025, 8 -17.8.2025"}]}]}},"_links":{"self":[{"href":"https:\/\/www.jjteam.sk\/index.php?rest_route=\/wp\/v2\/pages\/30"}],"collection":[{"href":"https:\/\/www.jjteam.sk\/index.php?rest_route=\/wp\/v2\/pages"}],"about":[{"href":"https:\/\/www.jjteam.sk\/index.php?rest_route=\/wp\/v2\/types\/page"}],"author":[{"embeddable":true,"href":"https:\/\/www.jjteam.sk\/index.php?rest_route=\/wp\/v2\/users\/1"}],"replies":[{"embeddable":true,"href":"https:\/\/www.jjteam.sk\/index.php?rest_route=%2Fwp%2Fv2%2Fcomments&post=30"}],"version-history":[{"count":6,"href":"https:\/\/www.jjteam.sk\/index.php?rest_route=\/wp\/v2\/pages\/30\/revisions"}],"predecessor-version":[{"id":345,"href":"https:\/\/www.jjteam.sk\/index.php?rest_route=\/wp\/v2\/pages\/30\/revisions\/345"}],"wp:attachment":[{"href":"https:\/\/www.jjteam.sk\/index.php?rest_route=%2Fwp%2Fv2%2Fmedia&parent=30"}],"curies":[{"name":"wp","href":"https:\/\/api.w.org\/{rel}","templated":true}]}}