{"id":189,"date":"2023-06-29T22:55:07","date_gmt":"2023-06-29T20:55:07","guid":{"rendered":"https:\/\/www.jjteam.sk\/?page_id=189"},"modified":"2025-07-02T15:22:45","modified_gmt":"2025-07-02T13:22:45","slug":"rozdelenie-tem-2023","status":"publish","type":"page","link":"https:\/\/www.jjteam.sk\/?page_id=189","title":{"rendered":"Rozdelenie t\u00e9m 2025"},"content":{"rendered":"\n<p>Tohtoro\u010dn\u00e9 rozdelenie t\u00e9m:<\/p>\n\n\n\n<p>Moj\u00edm cie\u013eom je, aby ka\u017ed\u00fd, kto sa s\u00fastredenia z\u00fa\u010dastn\u00ed prispel rukou k dielu a mal aspo\u0148 kratu\u010dk\u00fa t\u00e9mu. T\u00e9my som sa sna\u017eila rozdeli\u0165 s oh\u013eadom na sk\u00fasenosti a aj s oh\u013eadom na dostupnos\u0165 inform\u00e1ci\u00ed. V pr\u00edpade, \u017ee m\u00e1te ak\u00e9ko\u013evek ot\u00e1zky, p\u00fdtajte sa. Pripraven\u00e9 t\u00e9my mi odovzd\u00e1te na spripomienkovanie a pr\u00edpadn\u00fa \u00fapravu <strong>najnesk\u00f4r do 30.7.2025<\/strong> v p\u00edsomnej forme na jjteam@gmail.com. Ka\u017ed\u00fd na s\u00fastredenie zabezpe\u010d\u00ed po na\u0161om spripomienkovan\u00ed a n\u00e1slednej \u00faprave, ktor\u00fa skontrolujeme 8 k\u00f3pi\u00ed svojej t\u00e9my.<\/p>\n\n\n\n<p>T\u00e9my po\u0161lite na: <strong><mark style=\"background-color:rgba(0, 0, 0, 0);color:#ff0000\" class=\"has-inline-color\">lezenie.jjteam@gmail.com<\/mark><\/strong><\/p>\n\n\n\n<p>.<\/p>\n\n\n\n<p style=\"line-height:1.4\">1. &nbsp;Sobota<\/p>\n\n\n\n<p style=\"line-height:1.4\">a): <strong>Spolo\u010dn\u00e1 diskusia<\/strong>: Spr\u00e1vne nav\u00e4zovanie dvojit\u00fd a trojity osmi\u010dkov\u00fd uzol + uk\u00e1\u017eka<\/p>\n\n\n\n<p style=\"line-height:1.4\">b): <strong>Spolo\u010dn\u00e1 diskusia<\/strong>: Spr\u00e1vne istenie TR cez kybl\u00edk naj\u010dastej\u0161ie chyby.<\/p>\n\n\n\n<p style=\"line-height:1.4\"><\/p>\n\n\n\n<p style=\"line-height:1.4\">c): <strong>Spolo\u010dn\u00e1 diskusia<\/strong>:  Z\u00e1kladn\u00e9 lezeck\u00e9 vybavenie sedac\u00ed a hrudn\u00fd \u00fav\u00e4z, prilba, lezky. Druhy, \u00fa\u010del, vlastnosti&#8230;<\/p>\n\n\n\n<p style=\"line-height:1.4\">.<\/p>\n\n\n\n<p style=\"line-height:1.4\">2. &nbsp;Nedela<\/p>\n\n\n\n<p style=\"line-height:1.4\">a): <strong> <strong>Spolo\u010dn\u00e1 diskusia<\/strong><\/strong>: Spr\u00e1vne istenie prvolezca cez kybl\u00edk. Naj\u010dastej\u0161ie chyby.<\/p>\n\n\n\n<p style=\"line-height:1.4\">b): <strong> <strong>Spolo\u010dn\u00e1 diskusia<\/strong><\/strong>: Ostatn\u00e9 druhy istiacich pom\u00f4cok, pou\u017eitie, naj\u010dastej\u0161ie chyby<\/p>\n\n\n\n<p style=\"line-height:1.4\">c): <strong> <strong>Spolo\u010dn\u00e1 diskusia<\/strong><\/strong>: Vysvetli a pop\u00ed\u0161 sp\u00f4soby prelezov OS,RP,PP,AF a in\u00e9&#8230;<\/p>\n\n\n\n<p style=\"line-height:1.4\">.<\/p>\n\n\n\n<p style=\"line-height:1.4\">3. &nbsp;Pondelok<\/p>\n\n\n\n<p style=\"line-height:1.4\">a): <strong> <strong>Spolo\u010dn\u00e1 diskusi<\/strong>a<\/strong>: klasifika\u010dn\u00e9 stupnice (druhy, popis, porovnanie)<\/p>\n\n\n\n<p style=\"line-height:1.4\">b): <strong><strong>Spolo\u010dn\u00e1 diskusia<\/strong>ka<\/strong>: druhy horn\u00edn na ktor\u00fdch lezieme (najme na SK), ich \u0161pecifik\u00e1 a vlastnosti<\/p>\n\n\n\n<p style=\"line-height:1.4\">c): <strong>Em\u00edlia<\/strong>: karab\u00edny, v\u0161etko o nich.<\/p>\n\n\n\n<p style=\"line-height:1.4\">d): <strong>Mat\u00fa\u0161<\/strong>: expresky &#8211; v\u0161etko o nich + spr\u00e1vne cvakanie.<\/p>\n\n\n\n<p style=\"line-height:1.4\">e): <strong><strong>Spolo\u010dn\u00e1 diskusia<\/strong><\/strong>: p\u00e1d, p\u00e1dov\u00fd faktor, r\u00e1zov\u00e1 sila.<\/p>\n\n\n\n<p style=\"line-height:1.4\">.<\/p>\n\n\n\n<p style=\"line-height:1.4\">4. &nbsp;Utorok<\/p>\n\n\n\n<p style=\"line-height:1.4\">a): <strong> <strong>Spolo\u010dn\u00e1 diskusia<\/strong><\/strong>: lan\u00e1: rozdelenie l\u00e1n pod\u013ea druhu, funkcie, vlastnosti, pou\u017eitia,<\/p>\n\n\n\n<p style=\"line-height:1.4\">b)&nbsp; <strong> <strong>Spolo\u010dn\u00e1 diskusia<\/strong><\/strong>: lan\u00e1: kontrola, skladovanie, \u010distenie, \u017eivotnos\u0165<\/p>\n\n\n\n<p style=\"line-height:1.4\">b): <strong>Ela M.<\/strong>: previazanie vo vratnom bode, zria\u010fovanie top-ropov (r\u00f4zne situ\u00e1cie)<\/p>\n\n\n\n<p style=\"line-height:1.4\">.<\/p>\n\n\n\n<p style=\"line-height:1.4\">5. &nbsp;Streda<\/p>\n\n\n\n<p style=\"line-height:1.4\">a): <strong>Nadiia<\/strong>.: zla\u0148ovanie &#8211; uk\u00e1\u017eka s podrobn\u00fdm popisom a postupom na skale.<\/p>\n\n\n\n<p style=\"line-height:1.4\">b): <strong> <strong>Spolo\u010dn\u00e1 diskusia<\/strong><\/strong>: uzly kotviace, manipula\u010dn\u00e9 a zadrh\u00e1vacie (druhy, vlastnosti, pou\u017eitie)<\/p>\n\n\n\n<p style=\"line-height:1.4\">c)&nbsp; <strong> <strong>Spolo\u010dn\u00e1 diskusia<\/strong><\/strong>: uzly spojovacie (druhy, vlastnosti, pou\u017eitie)<\/p>\n\n\n\n<p style=\"line-height:1.4\">d): <strong> <strong>Spolo\u010dn\u00e1 diskusia<\/strong><\/strong>: slu\u010dky (druhy, vlastnosti, pou\u017eitie, nosnos\u0165) &nbsp;<\/p>\n\n\n\n<p style=\"line-height:1.4\">.<\/p>\n\n\n\n<p style=\"line-height:1.4\">6. &nbsp;\u0160tvrtok<\/p>\n\n\n\n<p style=\"line-height:1.4\">a): <strong>Ninka R<\/strong>.: dois\u0165ovanie v skale, druhy pom\u00f4cok + ich rozdelenie, sp\u00f4sob zakladania + praktick\u00e1 uk\u00e1\u017eka na skale<\/p>\n\n\n\n<p style=\"line-height:1.4\">b):<strong>  <strong>Spolo\u010dn\u00e1 diskusi<\/strong>a<\/strong>: prv\u00e1 pomoc pri \u00farazoch na skal\u00e1ch, AED, ortostatick\u00fd \u0161ok<\/p>\n\n\n\n<p style=\"line-height:1.4\">.<\/p>\n\n\n\n<p style=\"line-height:1.4\">7. &nbsp;Piatok<\/p>\n\n\n\n<p style=\"line-height:1.4\">a):<strong> Ela T.<\/strong>: \u0161tand &#8211; \u00fa\u010del, kompletn\u00fd popis a uk\u00e1\u017eka zriadenia a pou\u017eitia na skale.<\/p>\n\n\n\n<p style=\"line-height:1.4\">.<\/p>\n\n\n\n<p style=\"line-height:1.4\">8. &nbsp;Sobota<\/p>\n\n\n\n<p style=\"line-height:1.4\"><strong>&nbsp;&nbsp;&nbsp;&nbsp; Opakovanie + test<\/strong><\/p>\n\n\n\n<p>.<\/p>\n\n\n\n<p><\/p>\n\n\n\n<div class=\"wp-block-file\"><object class=\"wp-block-file__embed\" data=\"https:\/\/www.jjteam.sk\/wp-content\/uploads\/2025\/07\/temy-2025.pdf\" type=\"application\/pdf\" style=\"width:100%;height:600px\" aria-label=\"Vlo\u017ei\u0165 temy-2025.\"><\/object><a id=\"wp-block-file--media-218faede-5384-4e13-af75-69c9d38ccaa3\" href=\"https:\/\/www.jjteam.sk\/wp-content\/uploads\/2025\/07\/temy-2025.pdf\">temy-2025<\/a><a href=\"https:\/\/www.jjteam.sk\/wp-content\/uploads\/2025\/07\/temy-2025.pdf\" class=\"wp-block-file__button\" download aria-describedby=\"wp-block-file--media-218faede-5384-4e13-af75-69c9d38ccaa3\">Stiahnu\u0165<\/a><\/div>\n","protected":false},"excerpt":{"rendered":"<p>Tohtoro\u010dn\u00e9 rozdelenie t\u00e9m: Moj\u00edm cie\u013eom je, aby ka\u017ed\u00fd, kto sa s\u00fastredenia z\u00fa\u010dastn\u00ed prispel rukou k dielu a mal aspo\u0148 kratu\u010dk\u00fa t\u00e9mu. T\u00e9my som sa sna\u017eila rozdeli\u0165 s oh\u013eadom na sk\u00fasenosti a aj s oh\u013eadom na dostupnos\u0165 inform\u00e1ci\u00ed. V pr\u00edpade, \u017ee m\u00e1te ak\u00e9ko\u013evek ot\u00e1zky, p\u00fdtajte sa. Pripraven\u00e9 t\u00e9my mi odovzd\u00e1te na spripomienkovanie a pr\u00edpadn\u00fa \u00fapravu najnesk\u00f4r [&hellip;]<\/p>\n","protected":false},"author":3,"featured_media":0,"parent":0,"menu_order":0,"comment_status":"closed","ping_status":"closed","template":"","meta":{"_monsterinsights_skip_tracking":false,"_monsterinsights_sitenote_active":false,"_monsterinsights_sitenote_note":"","_monsterinsights_sitenote_category":0},"yoast_head":"<!-- This site is optimized with the Yoast SEO plugin v18.5.1 - https:\/\/yoast.com\/wordpress\/plugins\/seo\/ -->\n<title>Rozdelenie t\u00e9m 2025 - James Junior Team<\/title>\n<meta name=\"robots\" content=\"index, follow, max-snippet:-1, max-image-preview:large, max-video-preview:-1\" \/>\n<link rel=\"canonical\" href=\"https:\/\/www.jjteam.sk\/?page_id=189\" \/>\n<meta property=\"og:locale\" content=\"sk_SK\" \/>\n<meta property=\"og:type\" content=\"article\" \/>\n<meta property=\"og:title\" content=\"Rozdelenie t\u00e9m 2025 - James Junior Team\" \/>\n<meta property=\"og:description\" content=\"Tohtoro\u010dn\u00e9 rozdelenie t\u00e9m: Moj\u00edm cie\u013eom je, aby ka\u017ed\u00fd, kto sa s\u00fastredenia z\u00fa\u010dastn\u00ed prispel rukou k dielu a mal aspo\u0148 kratu\u010dk\u00fa t\u00e9mu. T\u00e9my som sa sna\u017eila rozdeli\u0165 s oh\u013eadom na sk\u00fasenosti a aj s oh\u013eadom na dostupnos\u0165 inform\u00e1ci\u00ed. V pr\u00edpade, \u017ee m\u00e1te ak\u00e9ko\u013evek ot\u00e1zky, p\u00fdtajte sa. Pripraven\u00e9 t\u00e9my mi odovzd\u00e1te na spripomienkovanie a pr\u00edpadn\u00fa \u00fapravu najnesk\u00f4r [&hellip;]\" \/>\n<meta property=\"og:url\" content=\"https:\/\/www.jjteam.sk\/?page_id=189\" \/>\n<meta property=\"og:site_name\" content=\"James Junior Team\" \/>\n<meta property=\"article:modified_time\" content=\"2025-07-02T13:22:45+00:00\" \/>\n<meta name=\"twitter:card\" content=\"summary_large_image\" \/>\n<meta name=\"twitter:label1\" content=\"Predpokladan\u00fd \u010das \u010d\u00edtania\" \/>\n\t<meta name=\"twitter:data1\" content=\"2 min\u00faty\" \/>\n<script type=\"application\/ld+json\" class=\"yoast-schema-graph\">{\"@context\":\"https:\/\/schema.org\",\"@graph\":[{\"@type\":\"WebSite\",\"@id\":\"https:\/\/www.jjteam.sk\/#website\",\"url\":\"https:\/\/www.jjteam.sk\/\",\"name\":\"James Junior Team\",\"description\":\"\",\"potentialAction\":[{\"@type\":\"SearchAction\",\"target\":{\"@type\":\"EntryPoint\",\"urlTemplate\":\"https:\/\/www.jjteam.sk\/?s={search_term_string}\"},\"query-input\":\"required name=search_term_string\"}],\"inLanguage\":\"sk-SK\"},{\"@type\":\"WebPage\",\"@id\":\"https:\/\/www.jjteam.sk\/?page_id=189#webpage\",\"url\":\"https:\/\/www.jjteam.sk\/?page_id=189\",\"name\":\"Rozdelenie t\u00e9m 2025 - James Junior Team\",\"isPartOf\":{\"@id\":\"https:\/\/www.jjteam.sk\/#website\"},\"datePublished\":\"2023-06-29T20:55:07+00:00\",\"dateModified\":\"2025-07-02T13:22:45+00:00\",\"breadcrumb\":{\"@id\":\"https:\/\/www.jjteam.sk\/?page_id=189#breadcrumb\"},\"inLanguage\":\"sk-SK\",\"potentialAction\":[{\"@type\":\"ReadAction\",\"target\":[\"https:\/\/www.jjteam.sk\/?page_id=189\"]}]},{\"@type\":\"BreadcrumbList\",\"@id\":\"https:\/\/www.jjteam.sk\/?page_id=189#breadcrumb\",\"itemListElement\":[{\"@type\":\"ListItem\",\"position\":1,\"name\":\"Home\",\"item\":\"https:\/\/www.jjteam.sk\/\"},{\"@type\":\"ListItem\",\"position\":2,\"name\":\"Rozdelenie t\u00e9m 2025\"}]}]}<\/script>\n<!-- \/ Yoast SEO plugin. -->","yoast_head_json":{"title":"Rozdelenie t\u00e9m 2025 - James Junior Team","robots":{"index":"index","follow":"follow","max-snippet":"max-snippet:-1","max-image-preview":"max-image-preview:large","max-video-preview":"max-video-preview:-1"},"canonical":"https:\/\/www.jjteam.sk\/?page_id=189","og_locale":"sk_SK","og_type":"article","og_title":"Rozdelenie t\u00e9m 2025 - James Junior Team","og_description":"Tohtoro\u010dn\u00e9 rozdelenie t\u00e9m: Moj\u00edm cie\u013eom je, aby ka\u017ed\u00fd, kto sa s\u00fastredenia z\u00fa\u010dastn\u00ed prispel rukou k dielu a mal aspo\u0148 kratu\u010dk\u00fa t\u00e9mu. T\u00e9my som sa sna\u017eila rozdeli\u0165 s oh\u013eadom na sk\u00fasenosti a aj s oh\u013eadom na dostupnos\u0165 inform\u00e1ci\u00ed. V pr\u00edpade, \u017ee m\u00e1te ak\u00e9ko\u013evek ot\u00e1zky, p\u00fdtajte sa. Pripraven\u00e9 t\u00e9my mi odovzd\u00e1te na spripomienkovanie a pr\u00edpadn\u00fa \u00fapravu najnesk\u00f4r [&hellip;]","og_url":"https:\/\/www.jjteam.sk\/?page_id=189","og_site_name":"James Junior Team","article_modified_time":"2025-07-02T13:22:45+00:00","twitter_card":"summary_large_image","twitter_misc":{"Predpokladan\u00fd \u010das \u010d\u00edtania":"2 min\u00faty"},"schema":{"@context":"https:\/\/schema.org","@graph":[{"@type":"WebSite","@id":"https:\/\/www.jjteam.sk\/#website","url":"https:\/\/www.jjteam.sk\/","name":"James Junior Team","description":"","potentialAction":[{"@type":"SearchAction","target":{"@type":"EntryPoint","urlTemplate":"https:\/\/www.jjteam.sk\/?s={search_term_string}"},"query-input":"required name=search_term_string"}],"inLanguage":"sk-SK"},{"@type":"WebPage","@id":"https:\/\/www.jjteam.sk\/?page_id=189#webpage","url":"https:\/\/www.jjteam.sk\/?page_id=189","name":"Rozdelenie t\u00e9m 2025 - James Junior Team","isPartOf":{"@id":"https:\/\/www.jjteam.sk\/#website"},"datePublished":"2023-06-29T20:55:07+00:00","dateModified":"2025-07-02T13:22:45+00:00","breadcrumb":{"@id":"https:\/\/www.jjteam.sk\/?page_id=189#breadcrumb"},"inLanguage":"sk-SK","potentialAction":[{"@type":"ReadAction","target":["https:\/\/www.jjteam.sk\/?page_id=189"]}]},{"@type":"BreadcrumbList","@id":"https:\/\/www.jjteam.sk\/?page_id=189#breadcrumb","itemListElement":[{"@type":"ListItem","position":1,"name":"Home","item":"https:\/\/www.jjteam.sk\/"},{"@type":"ListItem","position":2,"name":"Rozdelenie t\u00e9m 2025"}]}]}},"_links":{"self":[{"href":"https:\/\/www.jjteam.sk\/index.php?rest_route=\/wp\/v2\/pages\/189"}],"collection":[{"href":"https:\/\/www.jjteam.sk\/index.php?rest_route=\/wp\/v2\/pages"}],"about":[{"href":"https:\/\/www.jjteam.sk\/index.php?rest_route=\/wp\/v2\/types\/page"}],"author":[{"embeddable":true,"href":"https:\/\/www.jjteam.sk\/index.php?rest_route=\/wp\/v2\/users\/3"}],"replies":[{"embeddable":true,"href":"https:\/\/www.jjteam.sk\/index.php?rest_route=%2Fwp%2Fv2%2Fcomments&post=189"}],"version-history":[{"count":6,"href":"https:\/\/www.jjteam.sk\/index.php?rest_route=\/wp\/v2\/pages\/189\/revisions"}],"predecessor-version":[{"id":346,"href":"https:\/\/www.jjteam.sk\/index.php?rest_route=\/wp\/v2\/pages\/189\/revisions\/346"}],"wp:attachment":[{"href":"https:\/\/www.jjteam.sk\/index.php?rest_route=%2Fwp%2Fv2%2Fmedia&parent=189"}],"curies":[{"name":"wp","href":"https:\/\/api.w.org\/{rel}","templated":true}]}}